{"id":19314,"date":"2024-03-19T18:24:49","date_gmt":"2024-03-19T16:24:49","guid":{"rendered":"https:\/\/www.tandemsocial.coop\/?page_id=19314"},"modified":"2024-03-19T18:24:49","modified_gmt":"2024-03-19T16:24:49","slug":"politica-de-menores","status":"publish","type":"page","link":"https:\/\/www.tandemsocial.coop\/es\/politica-de-menores\/","title":{"rendered":"Pol\u00edtica de menores"},"content":{"rendered":"<section class=\"wpb-content-wrapper\"><p>[vc_row css_animation=&#8221;&#8221; row_type=&#8221;row&#8221; use_row_as_full_screen_section=&#8221;no&#8221; type=&#8221;full_width&#8221; angled_section=&#8221;no&#8221; text_align=&#8221;left&#8221; background_image_as_pattern=&#8221;without_pattern&#8221;][vc_column][vc_column_text]<\/p>\n<h3>Pol\u00edtica de menores<\/h3>\n<p>[\/vc_column_text][vc_empty_space][vc_column_text]Tandem Social somos una cooperativa de trabajo de iniciativa social y sin \u00e1nimo de lucro que trabajamos para la transformaci\u00f3n econ\u00f3mica, social, ambiental, educativa y cultural. Desde el a\u00f1o 2011 trabajamos sumando talento, conocimientos, experiencia social y empresarial y esfuerzo por ofrecer servicios de consultor\u00eda estrat\u00e9gica de calidad que generen cambios reales en las organizaciones con las que colaboramos. Trabajamos bajo los principios cooperativos y mediante una gesti\u00f3n y propiedad colectivas y ofrecemos nuestros servicios \u00fanicamente con el objetivo de mejorar y hacer crecer el sector de la econom\u00eda transformadora, el sector social, ambiental y educativo. Nuestra voluntad transformadora se sit\u00faa a nivel local, nacional, europeo e internacional.<\/p>\n<p>&nbsp;<\/p>\n<p>Desde Tandem Social creemos firmemente que todas las personas menores de edad tienen un gran potencial y que representan un valor imprescindible en nuestra sociedad presente y futura.<\/p>\n<p>&nbsp;<\/p>\n<p>Desde Tandem Social nos comprometemos a promover la protecci\u00f3n, la garant\u00eda de Derechos y la cultura de respeto a los derechos humanos. Siendo conscientes de que la protecci\u00f3n de la infancia es una responsabilidad compartida, reconocemos y asumimos la tarea fundamental de cuidar a todas las personas menores que se vinculan a los proyectos en los que colaboramos desde nuestra cooperativa.<\/p>\n<p>&nbsp;<\/p>\n<p>Respetamos y compartimos la Convenci\u00f3n sobre los Derechos del Ni\u00f1o de las Naciones Unidas de 1989 (UNCRC), conocida como el marco legal internacional que establece los derechos de las personas menores.<\/p>\n<p>&nbsp;<\/p>\n<p>As\u00ed, la presente pol\u00edtica de menores representa un compromiso por parte de Tandem Social que debe contribuir a asegurar que las personas menores que se vinculan a los proyectos con los que colabora Tandem Social est\u00e9n protegidas. Partiendo de este objetivo, determinamos los pilares fundamentales de nuestra organizaci\u00f3n a la hora de tratar con personas menores:<\/p>\n<p>&nbsp;<\/p>\n<ul>\n<li>Hay que tratarlas con respeto y actitud de reconocimiento, valor\u00e1ndolas y escuch\u00e1ndolas.<\/li>\n<li>Es necesario promover la autonom\u00eda de acuerdo con su etapa evolutiva.<\/li>\n<li>Es necesario preservar la seguridad, la integridad e intimidad.<\/li>\n<li>Es necesario promover la equidad respetando la diversidad.<\/li>\n<li>Es necesario favorecer la gesti\u00f3n y la resoluci\u00f3n de los conflictos de manera constructiva.<\/li>\n<li>Es necesario promover una actitud basada en la \u00e9tica y la profesionalidad del equipo humano.<\/li>\n<li>Es necesario compartir esta pol\u00edtica y las buenas pr\u00e1cticas que se generan con las personas trabajadoras y con los grupos de inter\u00e9s.<\/li>\n<li>Es necesario garantizar que las personas trabajadoras cumplan las exigencias determinadas por la presente pol\u00edtica, ofreciendo supervisi\u00f3n, apoyo, formaci\u00f3n y todos aquellos recursos que sean necesarios.<\/li>\n<\/ul>\n<p>[\/vc_column_text][vc_empty_space][vc_empty_space][vc_empty_space][\/vc_column][\/vc_row]<\/p>\n<\/section>","protected":false},"excerpt":{"rendered":"<p>[vc_row css_animation=&#8221;&#8221; row_type=&#8221;row&#8221; use_row_as_full_screen_section=&#8221;no&#8221; type=&#8221;full_width&#8221; angled_section=&#8221;no&#8221; text_align=&#8221;left&#8221; background_image_as_pattern=&#8221;without_pattern&#8221;][vc_column][vc_column_text] Pol\u00edtica de menores [\/vc_column_text][vc_empty_space][vc_column_text]Tandem Social somos una cooperativa de trabajo de iniciativa social y sin \u00e1nimo de lucro que trabajamos para la transformaci\u00f3n econ\u00f3mica, social, ambiental, educativa y cultural. Desde el a\u00f1o 2011 trabajamos sumando talento, conocimientos,&#8230;<\/p>\n","protected":false},"author":1,"featured_media":0,"parent":0,"menu_order":0,"comment_status":"closed","ping_status":"closed","template":"","meta":{"om_disable_all_campaigns":false,"_monsterinsights_skip_tracking":false,"_monsterinsights_sitenote_active":false,"_monsterinsights_sitenote_note":"","_monsterinsights_sitenote_category":0,"cybocfi_hide_featured_image":"","footnotes":""},"class_list":["post-19314","page","type-page","status-publish","hentry"],"_links":{"self":[{"href":"https:\/\/www.tandemsocial.coop\/es\/wp-json\/wp\/v2\/pages\/19314","targetHints":{"allow":["GET"]}}],"collection":[{"href":"https:\/\/www.tandemsocial.coop\/es\/wp-json\/wp\/v2\/pages"}],"about":[{"href":"https:\/\/www.tandemsocial.coop\/es\/wp-json\/wp\/v2\/types\/page"}],"author":[{"embeddable":true,"href":"https:\/\/www.tandemsocial.coop\/es\/wp-json\/wp\/v2\/users\/1"}],"replies":[{"embeddable":true,"href":"https:\/\/www.tandemsocial.coop\/es\/wp-json\/wp\/v2\/comments?post=19314"}],"version-history":[{"count":1,"href":"https:\/\/www.tandemsocial.coop\/es\/wp-json\/wp\/v2\/pages\/19314\/revisions"}],"predecessor-version":[{"id":19322,"href":"https:\/\/www.tandemsocial.coop\/es\/wp-json\/wp\/v2\/pages\/19314\/revisions\/19322"}],"wp:attachment":[{"href":"https:\/\/www.tandemsocial.coop\/es\/wp-json\/wp\/v2\/media?parent=19314"}],"curies":[{"name":"wp","href":"https:\/\/api.w.org\/{rel}","templated":true}]}}